{"id":95,"date":"2022-06-07T22:52:11","date_gmt":"2022-06-07T20:52:11","guid":{"rendered":"http:\/\/2022.lesjardinsdemaud.be\/?page_id=95"},"modified":"2022-08-25T09:45:43","modified_gmt":"2022-08-25T07:45:43","slug":"lieu-de-rencontre-enfants-parents","status":"publish","type":"page","link":"https:\/\/lesjardinsdemaud.be\/index.php\/lieu-de-rencontre-enfants-parents\/","title":{"rendered":"Lieu de Rencontre Enfants Parents"},"content":{"rendered":"\n<p>Ce lieu convivial historiquement inspir\u00e9 des \u201c Maisons Vertes\u201d de Fran\u00e7oise Dolto est mis \u00e0 la disposition des enfants de 0 \u00e0 3 ans accompagn\u00e9s d\u2019un proche (p\u00e8re, m\u00e8re, grands-parents,&#8230;).<\/p>\n\n\n\n<p>Notre \u00e9quipe a la conviction qu\u2019il est n\u00e9cessaire de permettre aux familles de sortir du stress &nbsp;quotidien. Sortir de chez soi, couper son t\u00e9l\u00e9phone et \u00eatre le temps d\u2019un instant enti\u00e8rement disponible pour ses enfants. Sortir de la course poursuite, ne f\u00fbt-ce que 2 heures, le temps de partager, regarder, observer, d\u00e9couvrir avec son enfant. Le tout dans un environnement mettant en avant l\u2019\u00e9change et la solidarit\u00e9. <\/p>\n\n\n\n<p>C&rsquo;est un endroit o\u00f9 les enfants et les personnes qui les accompagnent font \u00ab\u00a0soci\u00e9t\u00e9\u00a0\u00bb le temps d&rsquo;une s\u00e9ance.<\/p>\n\n\n\n<div class=\"wp-block-media-text alignwide is-stacked-on-mobile\"><figure class=\"wp-block-media-text__media\"><img loading=\"lazy\" decoding=\"async\" width=\"1024\" height=\"410\" src=\"http:\/\/2022.lesjardinsdemaud.be\/wp-content\/uploads\/2022\/06\/kamashibai-1024x410.jpg\" alt=\"\" class=\"wp-image-216 size-full\" srcset=\"https:\/\/lesjardinsdemaud.be\/wp-content\/uploads\/2022\/06\/kamashibai-1024x410.jpg 1024w, https:\/\/lesjardinsdemaud.be\/wp-content\/uploads\/2022\/06\/kamashibai-300x120.jpg 300w, https:\/\/lesjardinsdemaud.be\/wp-content\/uploads\/2022\/06\/kamashibai-768x308.jpg 768w, https:\/\/lesjardinsdemaud.be\/wp-content\/uploads\/2022\/06\/kamashibai-1536x616.jpg 1536w, https:\/\/lesjardinsdemaud.be\/wp-content\/uploads\/2022\/06\/kamashibai.jpg 1594w\" sizes=\"auto, (max-width: 1024px) 100vw, 1024px\" \/><\/figure><div class=\"wp-block-media-text__content\">\n<p>Nous pensons \u00e9galement que les diff\u00e9rents langages artistiques permettent d\u2019ouvrir un regard neuf sur le monde. Notre volont\u00e9 de proposer des activit\u00e9s d\u2019\u00e9veil aux enfants, afin de leur permettre de vivre leur enfance en toute qui\u00e9tude, de d\u00e9couvrir le monde qui les entoure, se faire des amis, apprendre les r\u00e8gles de la vie en communaut\u00e9 et grandir vers l\u2019autonomie. Tout cela dans des valeurs de respect et de tol\u00e9rance qui leur permettront d\u2019avoir de bons appuis pour assumer leur vie d\u2019adulte de demain dans un monde en constante \u00e9volution.<\/p>\n<\/div><\/div>\n\n\n\n<p><\/p>\n\n\n\n<p> Notre service existant depuis 2015, nous proposons des s\u00e9ances suppl\u00e9mentaires comme par exemple : les s\u00e9ances massages pour b\u00e9b\u00e9s. Ces s\u00e9ances se sont mises en place avec un fonctionnement diff\u00e9rent et sp\u00e9cifique pour les enfants de moins d\u2019un an.<\/p>\n\n\n\n<figure class=\"wp-block-image size-large\"><img loading=\"lazy\" decoding=\"async\" width=\"1024\" height=\"410\" src=\"http:\/\/2022.lesjardinsdemaud.be\/wp-content\/uploads\/2022\/06\/pmo-1024x410.jpg\" alt=\"\" class=\"wp-image-212\" srcset=\"https:\/\/lesjardinsdemaud.be\/wp-content\/uploads\/2022\/06\/pmo-1024x410.jpg 1024w, https:\/\/lesjardinsdemaud.be\/wp-content\/uploads\/2022\/06\/pmo-300x120.jpg 300w, https:\/\/lesjardinsdemaud.be\/wp-content\/uploads\/2022\/06\/pmo-768x308.jpg 768w, https:\/\/lesjardinsdemaud.be\/wp-content\/uploads\/2022\/06\/pmo-1536x616.jpg 1536w, https:\/\/lesjardinsdemaud.be\/wp-content\/uploads\/2022\/06\/pmo.jpg 1594w\" sizes=\"auto, (max-width: 1024px) 100vw, 1024px\" \/><\/figure>\n","protected":false},"excerpt":{"rendered":"<p>Ce lieu convivial historiquement inspir\u00e9 des \u201c Maisons Vertes\u201d de Fran\u00e7oise Dolto est mis \u00e0 la disposition des enfants de 0 \u00e0 3 ans accompagn\u00e9s d\u2019un proche (p\u00e8re, m\u00e8re, grands-parents,&#8230;). Notre \u00e9quipe a la conviction qu\u2019il est n\u00e9cessaire de permettre &hellip; <\/p>\n","protected":false},"author":1,"featured_media":0,"parent":0,"menu_order":0,"comment_status":"closed","ping_status":"closed","template":"","meta":{"ngg_post_thumbnail":0,"footnotes":""},"class_list":["post-95","page","type-page","status-publish","hentry"],"jetpack_sharing_enabled":true,"_links":{"self":[{"href":"https:\/\/lesjardinsdemaud.be\/index.php\/wp-json\/wp\/v2\/pages\/95","targetHints":{"allow":["GET"]}}],"collection":[{"href":"https:\/\/lesjardinsdemaud.be\/index.php\/wp-json\/wp\/v2\/pages"}],"about":[{"href":"https:\/\/lesjardinsdemaud.be\/index.php\/wp-json\/wp\/v2\/types\/page"}],"author":[{"embeddable":true,"href":"https:\/\/lesjardinsdemaud.be\/index.php\/wp-json\/wp\/v2\/users\/1"}],"replies":[{"embeddable":true,"href":"https:\/\/lesjardinsdemaud.be\/index.php\/wp-json\/wp\/v2\/comments?post=95"}],"version-history":[{"count":6,"href":"https:\/\/lesjardinsdemaud.be\/index.php\/wp-json\/wp\/v2\/pages\/95\/revisions"}],"predecessor-version":[{"id":543,"href":"https:\/\/lesjardinsdemaud.be\/index.php\/wp-json\/wp\/v2\/pages\/95\/revisions\/543"}],"wp:attachment":[{"href":"https:\/\/lesjardinsdemaud.be\/index.php\/wp-json\/wp\/v2\/media?parent=95"}],"curies":[{"name":"wp","href":"https:\/\/api.w.org\/{rel}","templated":true}]}}