{"id":76,"date":"2022-06-07T22:06:21","date_gmt":"2022-06-07T20:06:21","guid":{"rendered":"http:\/\/2022.lesjardinsdemaud.be\/?page_id=76"},"modified":"2023-01-02T17:35:36","modified_gmt":"2023-01-02T16:35:36","slug":"tarif","status":"publish","type":"page","link":"https:\/\/lesjardinsdemaud.be\/index.php\/tarif\/","title":{"rendered":"Tarif"},"content":{"rendered":"\n<p><em>La tarification se fait sur base d\u2019une d\u00e9claration sur l\u2019honneur&nbsp; des revenus des parents. Nous proposons 4 types de tarifs \u00e0 la journ\u00e9e (nous n\u2019avons pas de tarif pour les demi-journ\u00e9es):<\/em><\/p>\n\n\n\n<ul class=\"wp-block-list\">\n<li>Tarif de base : 22.5 \u20ac la journ\u00e9e entam\u00e9e.<\/li>\n\n\n\n<li>\u00a0Tarif pour les m\u00e9nages dont les revenus sont de plus de 4500 \u20ac\/mensuel : 30 \u20ac la journ\u00e9e  entam\u00e9e.<\/li>\n\n\n\n<li>&nbsp;Tarif adapt\u00e9 en fonction de la d\u00e9cision prise par le Comit\u00e9 d\u2019Administration, pour les familles pr\u00e9sentant une demande \u00e9crite expliquant leurs difficult\u00e9s financi\u00e8res.<\/li>\n\n\n\n<li>Tarif sp\u00e9cifique en cas de partenariat avec des institutions \u00e0 caract\u00e8res sociales sur base d&rsquo;une convention bipartite.<\/li>\n<\/ul>\n","protected":false},"excerpt":{"rendered":"<p>La tarification se fait sur base d\u2019une d\u00e9claration sur l\u2019honneur&nbsp; des revenus des parents. Nous proposons 4 types de tarifs \u00e0 la journ\u00e9e (nous n\u2019avons pas de tarif pour les demi-journ\u00e9es):<\/p>\n","protected":false},"author":1,"featured_media":0,"parent":0,"menu_order":0,"comment_status":"closed","ping_status":"closed","template":"","meta":{"ngg_post_thumbnail":0,"footnotes":""},"class_list":["post-76","page","type-page","status-publish","hentry"],"jetpack_sharing_enabled":true,"_links":{"self":[{"href":"https:\/\/lesjardinsdemaud.be\/index.php\/wp-json\/wp\/v2\/pages\/76","targetHints":{"allow":["GET"]}}],"collection":[{"href":"https:\/\/lesjardinsdemaud.be\/index.php\/wp-json\/wp\/v2\/pages"}],"about":[{"href":"https:\/\/lesjardinsdemaud.be\/index.php\/wp-json\/wp\/v2\/types\/page"}],"author":[{"embeddable":true,"href":"https:\/\/lesjardinsdemaud.be\/index.php\/wp-json\/wp\/v2\/users\/1"}],"replies":[{"embeddable":true,"href":"https:\/\/lesjardinsdemaud.be\/index.php\/wp-json\/wp\/v2\/comments?post=76"}],"version-history":[{"count":3,"href":"https:\/\/lesjardinsdemaud.be\/index.php\/wp-json\/wp\/v2\/pages\/76\/revisions"}],"predecessor-version":[{"id":1172,"href":"https:\/\/lesjardinsdemaud.be\/index.php\/wp-json\/wp\/v2\/pages\/76\/revisions\/1172"}],"wp:attachment":[{"href":"https:\/\/lesjardinsdemaud.be\/index.php\/wp-json\/wp\/v2\/media?parent=76"}],"curies":[{"name":"wp","href":"https:\/\/api.w.org\/{rel}","templated":true}]}}