{"id":6,"date":"2022-05-20T11:52:11","date_gmt":"2022-05-20T09:52:11","guid":{"rendered":"http:\/\/2022.lesjardinsdemaud.be\/?page_id=6"},"modified":"2025-03-28T10:58:25","modified_gmt":"2025-03-28T09:58:25","slug":"a-propos-de","status":"publish","type":"page","link":"https:\/\/lesjardinsdemaud.be\/index.php\/a-propos-de\/","title":{"rendered":"Notre milieu d&rsquo;accueil"},"content":{"rendered":"\n<p><\/p>\n\n\n\n<p><\/p>\n\n\n\n<div class=\"wp-block-media-text alignwide is-stacked-on-mobile\"><figure class=\"wp-block-media-text__media\"><img loading=\"lazy\" decoding=\"async\" width=\"1024\" height=\"613\" src=\"https:\/\/2022.lesjardinsdemaud.be\/wp-content\/uploads\/2022\/08\/IMG_20220825_095516-1024x613.jpg\" alt=\"\" class=\"wp-image-576 size-full\" srcset=\"https:\/\/lesjardinsdemaud.be\/wp-content\/uploads\/2022\/08\/IMG_20220825_095516-1024x613.jpg 1024w, https:\/\/lesjardinsdemaud.be\/wp-content\/uploads\/2022\/08\/IMG_20220825_095516-300x180.jpg 300w, https:\/\/lesjardinsdemaud.be\/wp-content\/uploads\/2022\/08\/IMG_20220825_095516-768x460.jpg 768w, https:\/\/lesjardinsdemaud.be\/wp-content\/uploads\/2022\/08\/IMG_20220825_095516-1536x920.jpg 1536w, https:\/\/lesjardinsdemaud.be\/wp-content\/uploads\/2022\/08\/IMG_20220825_095516-2048x1226.jpg 2048w\" sizes=\"auto, (max-width: 1024px) 100vw, 1024px\" \/><\/figure><div class=\"wp-block-media-text__content\">\n<p>Les Jardins de Maud est une Halte Accueil autoris\u00e9e par l\u2019ONE. Sa capacit\u00e9 est de 28 places pour des enfants \u00e0 partir de 3 mois et jusqu&rsquo;\u00e0 leur entr\u00e9e \u00e0 l&rsquo;\u00e9cole. Les enfants sont r\u00e9partis en 2 sections d&rsquo;apr\u00e8s leur d\u00e9veloppement psychomoteur.<\/p>\n\n\n\n<p><\/p>\n<\/div><\/div>\n\n\n\n<p>La Halte Accueil est ouverte du lundi au vendredi de 6h45 \u00e0 18h45. Nous accueillons votre enfant au maximum 4 jours et demi par semaine. <\/p>\n\n\n\n<p>Inspir\u00e9e par les id\u00e9es de Fran\u00e7oise Dolto, Emmi Pikler et &nbsp;Maud Mannoni, la p\u00e9dagogie mise en place privil\u00e9gie le dialogue, l\u2019ouverture, le respect du rythme de chacun et met l\u2019enfant et son entourage au centre de&nbsp;nos pr\u00e9occupations.&nbsp; <\/p>\n","protected":false},"excerpt":{"rendered":"<p>Les Jardins de Maud est une Halte Accueil autoris\u00e9e par l\u2019ONE. Sa capacit\u00e9 est de 28 places pour des enfants \u00e0 partir de 3 mois et jusqu&rsquo;\u00e0 leur entr\u00e9e \u00e0 l&rsquo;\u00e9cole. Les enfants sont r\u00e9partis en 2 sections d&rsquo;apr\u00e8s leur &hellip; <\/p>\n","protected":false},"author":1,"featured_media":0,"parent":0,"menu_order":0,"comment_status":"closed","ping_status":"closed","template":"","meta":{"ngg_post_thumbnail":0,"footnotes":""},"class_list":["post-6","page","type-page","status-publish","hentry"],"jetpack_sharing_enabled":true,"_links":{"self":[{"href":"https:\/\/lesjardinsdemaud.be\/index.php\/wp-json\/wp\/v2\/pages\/6","targetHints":{"allow":["GET"]}}],"collection":[{"href":"https:\/\/lesjardinsdemaud.be\/index.php\/wp-json\/wp\/v2\/pages"}],"about":[{"href":"https:\/\/lesjardinsdemaud.be\/index.php\/wp-json\/wp\/v2\/types\/page"}],"author":[{"embeddable":true,"href":"https:\/\/lesjardinsdemaud.be\/index.php\/wp-json\/wp\/v2\/users\/1"}],"replies":[{"embeddable":true,"href":"https:\/\/lesjardinsdemaud.be\/index.php\/wp-json\/wp\/v2\/comments?post=6"}],"version-history":[{"count":7,"href":"https:\/\/lesjardinsdemaud.be\/index.php\/wp-json\/wp\/v2\/pages\/6\/revisions"}],"predecessor-version":[{"id":1936,"href":"https:\/\/lesjardinsdemaud.be\/index.php\/wp-json\/wp\/v2\/pages\/6\/revisions\/1936"}],"wp:attachment":[{"href":"https:\/\/lesjardinsdemaud.be\/index.php\/wp-json\/wp\/v2\/media?parent=6"}],"curies":[{"name":"wp","href":"https:\/\/api.w.org\/{rel}","templated":true}]}}