{"id":553,"date":"2022-08-25T11:26:53","date_gmt":"2022-08-25T09:26:53","guid":{"rendered":"https:\/\/2022.lesjardinsdemaud.be\/?page_id=553"},"modified":"2025-11-28T14:49:10","modified_gmt":"2025-11-28T13:49:10","slug":"notre-asbl","status":"publish","type":"page","link":"https:\/\/lesjardinsdemaud.be\/index.php\/notre-asbl\/","title":{"rendered":"Notre ASBL"},"content":{"rendered":"<div class=\"wp-block-image\">\n<figure class=\"alignright size-full is-resized\"><img loading=\"lazy\" decoding=\"async\" width=\"512\" height=\"512\" src=\"https:\/\/lesjardinsdemaud.be\/wp-content\/uploads\/2025\/11\/ILLU-LOGOSITE-2025.jpg\" alt=\"\" class=\"wp-image-2690\" style=\"width:197px;height:auto\" srcset=\"https:\/\/lesjardinsdemaud.be\/wp-content\/uploads\/2025\/11\/ILLU-LOGOSITE-2025.jpg 512w, https:\/\/lesjardinsdemaud.be\/wp-content\/uploads\/2025\/11\/ILLU-LOGOSITE-2025-300x300.jpg 300w, https:\/\/lesjardinsdemaud.be\/wp-content\/uploads\/2025\/11\/ILLU-LOGOSITE-2025-150x150.jpg 150w, https:\/\/lesjardinsdemaud.be\/wp-content\/uploads\/2025\/11\/ILLU-LOGOSITE-2025-186x185.jpg 186w, https:\/\/lesjardinsdemaud.be\/wp-content\/uploads\/2025\/11\/ILLU-LOGOSITE-2025-220x220.jpg 220w, https:\/\/lesjardinsdemaud.be\/wp-content\/uploads\/2025\/11\/ILLU-LOGOSITE-2025-60x60.jpg 60w\" sizes=\"auto, (max-width: 512px) 100vw, 512px\" \/><\/figure>\n<\/div>\n\n\n<p>\u00ab Les Jardins de Maud \u00bb est une association de fait cr\u00e9\u00e9e en 1998, via la Commission consultative de la famille et Anne Vanesse.&nbsp; <\/p>\n\n\n\n<p>Les finalit\u00e9s de l\u2019ASBL qui sont li\u00e9es aux missions des secteurs des haltes garderies et des lieux de rencontres enfants parents sont le bien-\u00eatre de l\u2019enfant et le soutien \u00e0 la parentalit\u00e9. <\/p>\n\n\n\n<div class=\"wp-block-media-text alignwide is-stacked-on-mobile\" style=\"grid-template-columns:33% auto\"><figure class=\"wp-block-media-text__media\"><img loading=\"lazy\" decoding=\"async\" width=\"880\" height=\"1002\" src=\"https:\/\/lesjardinsdemaud.be\/wp-content\/uploads\/2022\/08\/portrait-mannoni-22-1.jpg\" alt=\"\" class=\"wp-image-555 size-full\" srcset=\"https:\/\/lesjardinsdemaud.be\/wp-content\/uploads\/2022\/08\/portrait-mannoni-22-1.jpg 880w, https:\/\/lesjardinsdemaud.be\/wp-content\/uploads\/2022\/08\/portrait-mannoni-22-1-263x300.jpg 263w, https:\/\/lesjardinsdemaud.be\/wp-content\/uploads\/2022\/08\/portrait-mannoni-22-1-768x874.jpg 768w\" sizes=\"auto, (max-width: 880px) 100vw, 880px\" \/><\/figure><div class=\"wp-block-media-text__content\">\n<p>Le nom \u00ab\u00a0Les Jardins de Maud\u00a0\u00bb&nbsp; fait r\u00e9f\u00e9rence \u00e0 Maud Manonni dont la mort co\u00efncide avec l\u2019ann\u00e9e de la cr\u00e9ation de l\u2019association.&nbsp; Maud Mannoni est une psychanalyste fran\u00e7aise, d&rsquo;origine n\u00e9erlandaise. Van der Spoel de son nom de jeune fille, mari\u00e9e \u00e0 Octave Mannoni, elle est une des grandes figures parmi les \u00e9l\u00e8ves de Jacques Lacan, tout en se r\u00e9f\u00e9rant \u00e0 l&rsquo;antipsychiatrie, avec l&rsquo;\u00e9tude des facteurs sociaux. Elle se sp\u00e9cialise dans les maladies mentales des enfants : psychoses, d\u00e9ficits infantiles. Elle fonde en 1969 l&rsquo;\u00e9cole de Bonneuil-sur-Marne, lieu de vie et structure exp\u00e9rimentale pour l&rsquo;accueil d&rsquo;enfants et d&rsquo;adolescents autistes, psychotiques ou arri\u00e9r\u00e9s, empruntant aussi bien \u00e0 l&rsquo;antipsychiatrie qu&rsquo;\u00e0 la p\u00e9dagogie Freinet tout en la contestant.&nbsp; Elle y met en pratique une m\u00e9thode de prise en charge o\u00f9 la communaut\u00e9 joue un r\u00f4le central. Ce travail est effectu\u00e9 en relation avec les lieux d&rsquo;accueil alternatifs comme celui cr\u00e9\u00e9 par Fernand Deligny dans les C\u00e9vennes.<\/p>\n<\/div><\/div>\n","protected":false},"excerpt":{"rendered":"<p>\u00ab Les Jardins de Maud \u00bb est une association de fait cr\u00e9\u00e9e en 1998, via la Commission consultative de la famille et Anne Vanesse.&nbsp; Les finalit\u00e9s de l\u2019ASBL qui sont li\u00e9es aux missions des secteurs des haltes garderies et des &hellip; <\/p>\n","protected":false},"author":1,"featured_media":0,"parent":0,"menu_order":0,"comment_status":"closed","ping_status":"closed","template":"","meta":{"ngg_post_thumbnail":0,"footnotes":""},"class_list":["post-553","page","type-page","status-publish","hentry"],"jetpack_sharing_enabled":true,"_links":{"self":[{"href":"https:\/\/lesjardinsdemaud.be\/index.php\/wp-json\/wp\/v2\/pages\/553","targetHints":{"allow":["GET"]}}],"collection":[{"href":"https:\/\/lesjardinsdemaud.be\/index.php\/wp-json\/wp\/v2\/pages"}],"about":[{"href":"https:\/\/lesjardinsdemaud.be\/index.php\/wp-json\/wp\/v2\/types\/page"}],"author":[{"embeddable":true,"href":"https:\/\/lesjardinsdemaud.be\/index.php\/wp-json\/wp\/v2\/users\/1"}],"replies":[{"embeddable":true,"href":"https:\/\/lesjardinsdemaud.be\/index.php\/wp-json\/wp\/v2\/comments?post=553"}],"version-history":[{"count":4,"href":"https:\/\/lesjardinsdemaud.be\/index.php\/wp-json\/wp\/v2\/pages\/553\/revisions"}],"predecessor-version":[{"id":2693,"href":"https:\/\/lesjardinsdemaud.be\/index.php\/wp-json\/wp\/v2\/pages\/553\/revisions\/2693"}],"wp:attachment":[{"href":"https:\/\/lesjardinsdemaud.be\/index.php\/wp-json\/wp\/v2\/media?parent=553"}],"curies":[{"name":"wp","href":"https:\/\/api.w.org\/{rel}","templated":true}]}}