{"id":519,"date":"2022-08-14T22:16:10","date_gmt":"2022-08-14T20:16:10","guid":{"rendered":"https:\/\/2022.lesjardinsdemaud.be\/?page_id=519"},"modified":"2025-11-28T14:30:23","modified_gmt":"2025-11-28T13:30:23","slug":"avec-le-soutien-de","status":"publish","type":"page","link":"https:\/\/lesjardinsdemaud.be\/index.php\/avec-le-soutien-de\/","title":{"rendered":"Avec le soutien de"},"content":{"rendered":"\n<div class=\"wp-block-group\"><div class=\"wp-block-group__inner-container is-layout-constrained wp-block-group-is-layout-constrained\">\n<div class=\"wp-block-columns is-layout-flex wp-container-core-columns-is-layout-9d6595d7 wp-block-columns-is-layout-flex\">\n<div class=\"wp-block-column is-layout-flow wp-block-column-is-layout-flow\" style=\"flex-basis:100%\">\nngg_shortcode_0_placeholder\n<\/div>\n<\/div>\n<\/div><\/div>\n\n\n\n<p class=\"has-text-align-center\">Les Amis de la Halte-garderie ASBL est soutenue par Actiris, La Communaut\u00e9 Fran\u00e7aise (Sant\u00e9), L\u2019ONE, L\u2019APEF, le Fond Maribel MAE et Viva for Life.<\/p>\n","protected":false},"excerpt":{"rendered":"<p>Les Amis de la Halte-garderie ASBL est soutenue par Actiris, La Communaut\u00e9 Fran\u00e7aise (Sant\u00e9), L\u2019ONE, L\u2019APEF, le Fond Maribel MAE et Viva for Life.<\/p>\n","protected":false},"author":1,"featured_media":0,"parent":0,"menu_order":0,"comment_status":"closed","ping_status":"closed","template":"","meta":{"ngg_post_thumbnail":0,"footnotes":""},"class_list":["post-519","page","type-page","status-publish","hentry"],"jetpack_sharing_enabled":true,"_links":{"self":[{"href":"https:\/\/lesjardinsdemaud.be\/index.php\/wp-json\/wp\/v2\/pages\/519","targetHints":{"allow":["GET"]}}],"collection":[{"href":"https:\/\/lesjardinsdemaud.be\/index.php\/wp-json\/wp\/v2\/pages"}],"about":[{"href":"https:\/\/lesjardinsdemaud.be\/index.php\/wp-json\/wp\/v2\/types\/page"}],"author":[{"embeddable":true,"href":"https:\/\/lesjardinsdemaud.be\/index.php\/wp-json\/wp\/v2\/users\/1"}],"replies":[{"embeddable":true,"href":"https:\/\/lesjardinsdemaud.be\/index.php\/wp-json\/wp\/v2\/comments?post=519"}],"version-history":[{"count":7,"href":"https:\/\/lesjardinsdemaud.be\/index.php\/wp-json\/wp\/v2\/pages\/519\/revisions"}],"predecessor-version":[{"id":2688,"href":"https:\/\/lesjardinsdemaud.be\/index.php\/wp-json\/wp\/v2\/pages\/519\/revisions\/2688"}],"wp:attachment":[{"href":"https:\/\/lesjardinsdemaud.be\/index.php\/wp-json\/wp\/v2\/media?parent=519"}],"curies":[{"name":"wp","href":"https:\/\/api.w.org\/{rel}","templated":true}]}}