{"id":516,"date":"2022-08-14T21:55:31","date_gmt":"2022-08-14T19:55:31","guid":{"rendered":"https:\/\/2022.lesjardinsdemaud.be\/?page_id=516"},"modified":"2025-11-28T14:25:14","modified_gmt":"2025-11-28T13:25:14","slug":"inscription-a-nos-rencontres-autour-du-massage-pour-bebes","status":"publish","type":"page","link":"https:\/\/lesjardinsdemaud.be\/index.php\/inscription-a-nos-rencontres-autour-du-massage-pour-bebes\/","title":{"rendered":"Inscription \u00e0 nos rencontres autour du massage pour b\u00e9b\u00e9s"},"content":{"rendered":"\n<p>Nos s\u00e9ances sont collectives et se d\u00e9roulent en journ\u00e9e. Les massages sont adapt\u00e9s pour les enfants de 0 \u00e0 10 mois. Vous pouvez vous inscrire uniquement via le formulaire ci-dessous. Pour toute question ou renseignement, hors inscription, n&rsquo;h\u00e9sitez pas \u00e0 nous contacter \u00e0 JDMmassages@gmail.com.<\/p>\n\n\n","protected":false},"excerpt":{"rendered":"<p>Nos s\u00e9ances sont collectives et se d\u00e9roulent en journ\u00e9e. Les massages sont adapt\u00e9s pour les enfants de 0 \u00e0 10 mois. Vous pouvez vous inscrire uniquement via le formulaire ci-dessous. Pour toute question ou renseignement, hors inscription, n&rsquo;h\u00e9sitez pas \u00e0 &hellip; <\/p>\n","protected":false},"author":1,"featured_media":0,"parent":0,"menu_order":0,"comment_status":"closed","ping_status":"closed","template":"","meta":{"ngg_post_thumbnail":0,"footnotes":""},"class_list":["post-516","page","type-page","status-publish","hentry"],"jetpack_sharing_enabled":true,"_links":{"self":[{"href":"https:\/\/lesjardinsdemaud.be\/index.php\/wp-json\/wp\/v2\/pages\/516","targetHints":{"allow":["GET"]}}],"collection":[{"href":"https:\/\/lesjardinsdemaud.be\/index.php\/wp-json\/wp\/v2\/pages"}],"about":[{"href":"https:\/\/lesjardinsdemaud.be\/index.php\/wp-json\/wp\/v2\/types\/page"}],"author":[{"embeddable":true,"href":"https:\/\/lesjardinsdemaud.be\/index.php\/wp-json\/wp\/v2\/users\/1"}],"replies":[{"embeddable":true,"href":"https:\/\/lesjardinsdemaud.be\/index.php\/wp-json\/wp\/v2\/comments?post=516"}],"version-history":[{"count":14,"href":"https:\/\/lesjardinsdemaud.be\/index.php\/wp-json\/wp\/v2\/pages\/516\/revisions"}],"predecessor-version":[{"id":2686,"href":"https:\/\/lesjardinsdemaud.be\/index.php\/wp-json\/wp\/v2\/pages\/516\/revisions\/2686"}],"wp:attachment":[{"href":"https:\/\/lesjardinsdemaud.be\/index.php\/wp-json\/wp\/v2\/media?parent=516"}],"curies":[{"name":"wp","href":"https:\/\/api.w.org\/{rel}","templated":true}]}}