{"id":2780,"date":"2026-05-11T11:58:33","date_gmt":"2026-05-11T09:58:33","guid":{"rendered":"https:\/\/lesjardinsdemaud.be\/?page_id=2780"},"modified":"2026-05-11T12:09:55","modified_gmt":"2026-05-11T10:09:55","slug":"fete-enfants-parents-aux-brigittines","status":"publish","type":"page","link":"https:\/\/lesjardinsdemaud.be\/index.php\/fete-enfants-parents-aux-brigittines\/","title":{"rendered":"F\u00eate Enfants-Parents aux Brigittines"},"content":{"rendered":"\n<p>La cr\u00e8che et le lieu de rencontres enfants-parents <strong>des Jardins de Maud<\/strong> vous invitent \u00e0 une grande f\u00eate familiale, conviviale et pleine de d\u00e9couvertes !<\/p>\n\n\n\n<p>Le samedi 6 juin, de 14h \u00e0 18h, petits et grands sont attendus aux Brigittines pour partager un apr\u00e8s-midi festif au c\u0153ur de Bruxelles, dans un espace pens\u00e9 pour le jeu, l\u2019exploration et la cr\u00e9ativit\u00e9.<\/p>\n\n\n\n<h3 class=\"wp-block-heading\">Au programme<\/h3>\n\n\n\n<p>\u2728 espace de psychomotricit\u00e9<br>\u2728 labyrinthe g\u00e9ant<br>\u2728 coin dessin<br>\u2728 ateliers sensoriels<br>\u2728 atelier impression tote bag<br>\u2728 petite restauration<br>\u2728 et plein d\u2019autres surprises !<\/p>\n\n\n\n<h3 class=\"wp-block-heading\">Les spectacles<\/h3>\n\n\n\n<p>\ud83c\udfad <strong>14h30 \u2014 \u201cAu-del\u00e0 de la mer\u201d<\/strong><br>avec Mirthe, Tim et Marthe de Pollif Projects<\/p>\n\n\n\n<p>\ud83c\udfad <strong>17h \u2014 Spectacle surprise<\/strong><\/p>\n\n\n\n<hr class=\"wp-block-separator has-alpha-channel-opacity\"\/>\n\n\n\n<h2 class=\"wp-block-heading\">\ud83c\udf3f Venez rencontrer toute l\u2019\u00e9quipe des Jardins de Maud !<\/h2>\n\n\n\n<p>Tout au long de l\u2019apr\u00e8s-midi, retrouvez l\u2019ensemble de l\u2019\u00e9quipe de l\u2019ASBL des Jardins de Maud :<br>un moment privil\u00e9gi\u00e9 pour \u00e9changer, d\u00e9couvrir nos projets et partager un temps convivial avec les familles.<\/p>\n\n\n\n<hr class=\"wp-block-separator has-alpha-channel-opacity\"\/>\n\n\n\n<p>\ud83d\udccd <strong>Aux Brigittines<\/strong><br>Petite rue des Brigittines 1<br>1000 Bruxelles<\/p>\n\n\n\n<p>\ud83d\uddd3\ufe0f <strong>Samedi 6 juin \u2014 de 14h \u00e0 18h<\/strong><br>\ud83c\udf9f\ufe0f <strong>Entr\u00e9e libre<\/strong><\/p>\n\n\n\n<p>\u00c9v\u00e9nement ouvert \u00e0 tous les enfants jusqu\u2019\u00e0 5 ans accompagn\u00e9s de leur(s) adulte(s).<\/p>\n\n\n<div class=\"wp-block-image\">\n<figure class=\"aligncenter size-full\"><img loading=\"lazy\" decoding=\"async\" width=\"596\" height=\"842\" src=\"https:\/\/lesjardinsdemaud.be\/wp-content\/uploads\/2026\/05\/affiche-6juin-v8.jpg\" alt=\"\" class=\"wp-image-2774\" srcset=\"https:\/\/lesjardinsdemaud.be\/wp-content\/uploads\/2026\/05\/affiche-6juin-v8.jpg 596w, https:\/\/lesjardinsdemaud.be\/wp-content\/uploads\/2026\/05\/affiche-6juin-v8-212x300.jpg 212w\" sizes=\"auto, (max-width: 596px) 100vw, 596px\" \/><\/figure>\n<\/div>","protected":false},"excerpt":{"rendered":"<p>La cr\u00e8che et le lieu de rencontres enfants-parents des Jardins de Maud vous invitent \u00e0 une grande f\u00eate familiale, conviviale et pleine de d\u00e9couvertes ! Le samedi 6 juin, de 14h \u00e0 18h, petits et grands sont attendus aux Brigittines &hellip; <\/p>\n","protected":false},"author":1,"featured_media":2774,"parent":0,"menu_order":0,"comment_status":"closed","ping_status":"closed","template":"","meta":{"ngg_post_thumbnail":0,"footnotes":""},"class_list":["post-2780","page","type-page","status-publish","has-post-thumbnail","hentry"],"jetpack_sharing_enabled":true,"_links":{"self":[{"href":"https:\/\/lesjardinsdemaud.be\/index.php\/wp-json\/wp\/v2\/pages\/2780","targetHints":{"allow":["GET"]}}],"collection":[{"href":"https:\/\/lesjardinsdemaud.be\/index.php\/wp-json\/wp\/v2\/pages"}],"about":[{"href":"https:\/\/lesjardinsdemaud.be\/index.php\/wp-json\/wp\/v2\/types\/page"}],"author":[{"embeddable":true,"href":"https:\/\/lesjardinsdemaud.be\/index.php\/wp-json\/wp\/v2\/users\/1"}],"replies":[{"embeddable":true,"href":"https:\/\/lesjardinsdemaud.be\/index.php\/wp-json\/wp\/v2\/comments?post=2780"}],"version-history":[{"count":1,"href":"https:\/\/lesjardinsdemaud.be\/index.php\/wp-json\/wp\/v2\/pages\/2780\/revisions"}],"predecessor-version":[{"id":2782,"href":"https:\/\/lesjardinsdemaud.be\/index.php\/wp-json\/wp\/v2\/pages\/2780\/revisions\/2782"}],"wp:featuredmedia":[{"embeddable":true,"href":"https:\/\/lesjardinsdemaud.be\/index.php\/wp-json\/wp\/v2\/media\/2774"}],"wp:attachment":[{"href":"https:\/\/lesjardinsdemaud.be\/index.php\/wp-json\/wp\/v2\/media?parent=2780"}],"curies":[{"name":"wp","href":"https:\/\/api.w.org\/{rel}","templated":true}]}}