{"id":179,"date":"2022-06-27T10:18:31","date_gmt":"2022-06-27T08:18:31","guid":{"rendered":"http:\/\/2022.lesjardinsdemaud.be\/?page_id=179"},"modified":"2025-09-25T14:30:53","modified_gmt":"2025-09-25T12:30:53","slug":"gallerie-privee-test","status":"publish","type":"page","link":"https:\/\/lesjardinsdemaud.be\/index.php\/gallerie-privee-test\/","title":{"rendered":"Galerie photo"},"content":{"rendered":"Vous devez \u00eatre connect\u00e9 pour voir ce contenu.","protected":false},"excerpt":{"rendered":"Vous devez \u00eatre connect\u00e9 pour voir ce contenu.","protected":false},"author":1,"featured_media":0,"parent":0,"menu_order":0,"comment_status":"closed","ping_status":"closed","template":"","meta":{"ngg_post_thumbnail":0,"footnotes":""},"class_list":["post-179","page","type-page","status-publish","hentry"],"jetpack_sharing_enabled":true,"_links":{"self":[{"href":"https:\/\/lesjardinsdemaud.be\/index.php\/wp-json\/wp\/v2\/pages\/179","targetHints":{"allow":["GET"]}}],"collection":[{"href":"https:\/\/lesjardinsdemaud.be\/index.php\/wp-json\/wp\/v2\/pages"}],"about":[{"href":"https:\/\/lesjardinsdemaud.be\/index.php\/wp-json\/wp\/v2\/types\/page"}],"author":[{"embeddable":true,"href":"https:\/\/lesjardinsdemaud.be\/index.php\/wp-json\/wp\/v2\/users\/1"}],"replies":[{"embeddable":true,"href":"https:\/\/lesjardinsdemaud.be\/index.php\/wp-json\/wp\/v2\/comments?post=179"}],"version-history":[{"count":15,"href":"https:\/\/lesjardinsdemaud.be\/index.php\/wp-json\/wp\/v2\/pages\/179\/revisions"}],"predecessor-version":[{"id":2675,"href":"https:\/\/lesjardinsdemaud.be\/index.php\/wp-json\/wp\/v2\/pages\/179\/revisions\/2675"}],"wp:attachment":[{"href":"https:\/\/lesjardinsdemaud.be\/index.php\/wp-json\/wp\/v2\/media?parent=179"}],"curies":[{"name":"wp","href":"https:\/\/api.w.org\/{rel}","templated":true}]}}