{"id":137,"date":"2022-06-09T22:17:47","date_gmt":"2022-06-09T20:17:47","guid":{"rendered":"http:\/\/2022.lesjardinsdemaud.be\/?page_id=137"},"modified":"2022-08-03T11:12:38","modified_gmt":"2022-08-03T09:12:38","slug":"presentation-asbl","status":"publish","type":"page","link":"https:\/\/lesjardinsdemaud.be\/","title":{"rendered":"Pr\u00e9sentation ASBL"},"content":{"rendered":"\n<p>\u00ab Les Jardins de Maud \u00bb est une association de fait cr\u00e9\u00e9e en 1998, via la Commission consultative de la famille et Anne Vanesse.&nbsp; En 2002, l\u2019association devient l\u2019ASBL (association sans but lucratif) \u00ab Les Amis de la Halte-Garderie \u00bb. En 2015, le lieu de rencontre des Jardins de Maud ouvre ses portes au sein de l\u2019ASBL. <\/p>\n\n\n\n<p>L\u2019association a pour objet la mise sur pied d\u2019une structure originale combinant le syst\u00e8me classique des cr\u00e8ches au syst\u00e8me souple de la halte-garderie. La combinaison des deux syst\u00e8mes permettra l\u2019accueil des enfants&nbsp; dont les parents viennent de trouver un emploi. Enfin, la halte-garderie permettra d\u2019offrir une solution de garde occasionnelle pour les demandeurs d\u2019emploi, lorsque ceux-ci d\u00e9crochent des entretiens de s\u00e9lection ou doivent accomplir des d\u00e9marches administratives; pour les femmes au foyer qui souhaitent de temps en temps sortir de leur isolement, favoriser la socialisation et le d\u00e9veloppement psychomoteur de leur enfant par leur participation&nbsp;\u00e0 des activit\u00e9s adapt\u00e9es et encadr\u00e9es par des professionnels de la petite enfance. Les finalit\u00e9s de l\u2019ASBL qui sont li\u00e9es aux missions des secteurs des haltes garderies et des lieux de rencontres enfants parents sont le bien-\u00eatre de l\u2019enfant et le soutien \u00e0 la parentalit\u00e9.<\/p>\n\n\n\n<p>Les Jardins de Maud&nbsp; fait r\u00e9f\u00e9rence \u00e0 Maud Manonni dont la mort co\u00efncide avec l\u2019ann\u00e9e de la cr\u00e9ation de l\u2019association.&nbsp; Maud Mannoni est une psychanalyste fran\u00e7aise, d&rsquo;origine n\u00e9erlandaise. Van der Spoel de son nom de jeune fille, mari\u00e9e \u00e0 Octave Mannoni, elle est une des grandes figures parmi les \u00e9l\u00e8ves de Jacques Lacan, tout en se r\u00e9f\u00e9rant \u00e0 l&rsquo;antipsychiatrie, avec l&rsquo;\u00e9tude des facteurs sociaux. Elle se sp\u00e9cialise dans les maladies mentales des enfants : psychoses, d\u00e9ficits infantiles. Elle fonde en 1969 l&rsquo;\u00e9cole de Bonneuil-sur-Marne, lieu de vie et structure exp\u00e9rimentale pour l&rsquo;accueil d&rsquo;enfants et d&rsquo;adolescents autistes, psychotiques ou arri\u00e9r\u00e9s, empruntant aussi bien \u00e0 l&rsquo;antipsychiatrie qu&rsquo;\u00e0 la p\u00e9dagogie Freinet tout en la contestant.&nbsp; Elle y met en pratique une m\u00e9thode de prise en charge o\u00f9 la communaut\u00e9 joue un r\u00f4le central. Ce travail est effectu\u00e9 en relation avec les lieux d&rsquo;accueil alternatifs comme celui cr\u00e9\u00e9 par Fernand Deligny dans les C\u00e9vennes.<\/p>\n\n\n\n<p><\/p>\n\n\n\n<p>L\u2019association est soutenue par Actiris, La Communaut\u00e9 Fran\u00e7aise (Sant\u00e9), L\u2019ONE, l\u2019AIS de Saint-Gilles et Viva for Life. &nbsp;&nbsp;<\/p>\n","protected":false},"excerpt":{"rendered":"<p>\u00ab Les Jardins de Maud \u00bb est une association de fait cr\u00e9\u00e9e en 1998, via la Commission consultative de la famille et Anne Vanesse.&nbsp; En 2002, l\u2019association devient l\u2019ASBL (association sans but lucratif) \u00ab Les Amis de la Halte-Garderie \u00bb. &hellip; <\/p>\n","protected":false},"author":1,"featured_media":0,"parent":0,"menu_order":0,"comment_status":"closed","ping_status":"closed","template":"","meta":{"ngg_post_thumbnail":0,"footnotes":""},"class_list":["post-137","page","type-page","status-publish","hentry"],"jetpack_sharing_enabled":true,"_links":{"self":[{"href":"https:\/\/lesjardinsdemaud.be\/index.php\/wp-json\/wp\/v2\/pages\/137","targetHints":{"allow":["GET"]}}],"collection":[{"href":"https:\/\/lesjardinsdemaud.be\/index.php\/wp-json\/wp\/v2\/pages"}],"about":[{"href":"https:\/\/lesjardinsdemaud.be\/index.php\/wp-json\/wp\/v2\/types\/page"}],"author":[{"embeddable":true,"href":"https:\/\/lesjardinsdemaud.be\/index.php\/wp-json\/wp\/v2\/users\/1"}],"replies":[{"embeddable":true,"href":"https:\/\/lesjardinsdemaud.be\/index.php\/wp-json\/wp\/v2\/comments?post=137"}],"version-history":[{"count":3,"href":"https:\/\/lesjardinsdemaud.be\/index.php\/wp-json\/wp\/v2\/pages\/137\/revisions"}],"predecessor-version":[{"id":239,"href":"https:\/\/lesjardinsdemaud.be\/index.php\/wp-json\/wp\/v2\/pages\/137\/revisions\/239"}],"wp:attachment":[{"href":"https:\/\/lesjardinsdemaud.be\/index.php\/wp-json\/wp\/v2\/media?parent=137"}],"curies":[{"name":"wp","href":"https:\/\/api.w.org\/{rel}","templated":true}]}}